{"id":10834,"date":"2025-09-25T11:19:53","date_gmt":"2025-09-25T10:19:53","guid":{"rendered":"https:\/\/pcg.io\/?page_id=10834"},"modified":"2026-02-10T09:22:32","modified_gmt":"2026-02-10T08:22:32","slug":"managed-services","status":"publish","type":"page","link":"https:\/\/pcg.io\/de\/microsoft\/modern-workplace-loesungen-m365\/managed-services\/","title":{"rendered":"Managed Services M365"},"content":{"rendered":"","protected":false},"excerpt":{"rendered":"","protected":false},"author":18,"featured_media":0,"parent":10686,"menu_order":2,"comment_status":"closed","ping_status":"closed","template":"","meta":{"_acf_changed":false},"class_list":["post-10834","page","type-page","status-publish","hentry"],"acf":[],"yoast_head":"<!-- This site is optimized with the Yoast SEO plugin v27.4 - https:\/\/yoast.com\/product\/yoast-seo-wordpress\/ -->\n<title>Managed Microsoft 365 f\u00fcr Unternehmen - PCG<\/title>\n<meta name=\"description\" content=\"Public Cloud Group bietet Managed Services f\u00fcr Microsoft 365 mit sicheren und skalierbaren Cloud L\u00f6sungen f\u00fcr moderne IT Infrastrukturen.\" \/>\n<meta name=\"robots\" content=\"index, follow, max-snippet:-1, max-image-preview:large, max-video-preview:-1\" \/>\n<link rel=\"canonical\" href=\"https:\/\/pcg.io\/de\/microsoft\/modern-workplace-loesungen-m365\/managed-services\/\" \/>\n<meta property=\"og:locale\" content=\"de_DE\" \/>\n<meta property=\"og:type\" content=\"article\" \/>\n<meta property=\"og:title\" content=\"Managed Services M365 PCG\" \/>\n<meta property=\"og:description\" content=\"Public Cloud Group bietet Managed Services f\u00fcr Microsoft 365 mit sicheren und skalierbaren Cloud L\u00f6sungen f\u00fcr moderne IT Infrastrukturen.\" \/>\n<meta property=\"og:url\" content=\"https:\/\/pcg.io\/de\/microsoft\/modern-workplace-loesungen-m365\/managed-services\/\" \/>\n<meta property=\"og:site_name\" content=\"PCG\" \/>\n<meta property=\"article:modified_time\" content=\"2026-02-10T08:22:32+00:00\" \/>\n<meta property=\"og:image\" content=\"https:\/\/pcg.io\/wp-content\/uploads\/2026\/02\/PCG-Favicon.png\" \/>\n\t<meta property=\"og:image:width\" content=\"969\" \/>\n\t<meta property=\"og:image:height\" content=\"970\" \/>\n\t<meta property=\"og:image:type\" content=\"image\/png\" \/>\n<meta name=\"twitter:card\" content=\"summary_large_image\" \/>\n<meta name=\"twitter:label1\" content=\"Gesch\u00e4tzte Lesezeit\" \/>\n\t<meta name=\"twitter:data1\" content=\"23\u00a0Minuten\" \/>\n<script type=\"application\/ld+json\" class=\"yoast-schema-graph\">{\"@context\":\"https:\\\/\\\/schema.org\",\"@graph\":[{\"@type\":\"WebPage\",\"@id\":\"https:\\\/\\\/pcg.io\\\/de\\\/microsoft\\\/modern-workplace-loesungen-m365\\\/managed-services\\\/\",\"url\":\"https:\\\/\\\/pcg.io\\\/de\\\/microsoft\\\/modern-workplace-loesungen-m365\\\/managed-services\\\/\",\"name\":\"Managed Microsoft 365 f\u00fcr Unternehmen - PCG\",\"isPartOf\":{\"@id\":\"https:\\\/\\\/pcg.io\\\/de\\\/#website\"},\"datePublished\":\"2025-09-25T10:19:53+00:00\",\"dateModified\":\"2026-02-10T08:22:32+00:00\",\"description\":\"Public Cloud Group bietet Managed Services f\u00fcr Microsoft 365 mit sicheren und skalierbaren Cloud L\u00f6sungen f\u00fcr moderne IT Infrastrukturen.\",\"breadcrumb\":{\"@id\":\"https:\\\/\\\/pcg.io\\\/de\\\/microsoft\\\/modern-workplace-loesungen-m365\\\/managed-services\\\/#breadcrumb\"},\"inLanguage\":\"de\",\"potentialAction\":[{\"@type\":\"ReadAction\",\"target\":[\"https:\\\/\\\/pcg.io\\\/de\\\/microsoft\\\/modern-workplace-loesungen-m365\\\/managed-services\\\/\"]}]},{\"@type\":\"BreadcrumbList\",\"@id\":\"https:\\\/\\\/pcg.io\\\/de\\\/microsoft\\\/modern-workplace-loesungen-m365\\\/managed-services\\\/#breadcrumb\",\"itemListElement\":[{\"@type\":\"ListItem\",\"position\":1,\"name\":\"Home\",\"item\":\"https:\\\/\\\/pcg.io\\\/de\\\/\"},{\"@type\":\"ListItem\",\"position\":2,\"name\":\"Microsoft\",\"item\":\"https:\\\/\\\/pcg.io\\\/de\\\/microsoft\\\/\"},{\"@type\":\"ListItem\",\"position\":3,\"name\":\"Modern Workplace L\u00f6sungen mit M365\",\"item\":\"https:\\\/\\\/pcg.io\\\/de\\\/microsoft\\\/modern-workplace-loesungen-m365\\\/\"},{\"@type\":\"ListItem\",\"position\":4,\"name\":\"Managed Services M365\"}]},{\"@type\":\"WebSite\",\"@id\":\"https:\\\/\\\/pcg.io\\\/de\\\/#website\",\"url\":\"https:\\\/\\\/pcg.io\\\/de\\\/\",\"name\":\"PCG\",\"description\":\"Your Cloud Journey, Simplified.\",\"potentialAction\":[{\"@type\":\"SearchAction\",\"target\":{\"@type\":\"EntryPoint\",\"urlTemplate\":\"https:\\\/\\\/pcg.io\\\/de\\\/?s={search_term_string}\"},\"query-input\":{\"@type\":\"PropertyValueSpecification\",\"valueRequired\":true,\"valueName\":\"search_term_string\"}}],\"inLanguage\":\"de\"}]}<\/script>\n<!-- \/ Yoast SEO plugin. -->","yoast_head_json":{"title":"Managed Microsoft 365 f\u00fcr Unternehmen - PCG","description":"Public Cloud Group bietet Managed Services f\u00fcr Microsoft 365 mit sicheren und skalierbaren Cloud L\u00f6sungen f\u00fcr moderne IT Infrastrukturen.","robots":{"index":"index","follow":"follow","max-snippet":"max-snippet:-1","max-image-preview":"max-image-preview:large","max-video-preview":"max-video-preview:-1"},"canonical":"https:\/\/pcg.io\/de\/microsoft\/modern-workplace-loesungen-m365\/managed-services\/","og_locale":"de_DE","og_type":"article","og_title":"Managed Services M365 PCG","og_description":"Public Cloud Group bietet Managed Services f\u00fcr Microsoft 365 mit sicheren und skalierbaren Cloud L\u00f6sungen f\u00fcr moderne IT Infrastrukturen.","og_url":"https:\/\/pcg.io\/de\/microsoft\/modern-workplace-loesungen-m365\/managed-services\/","og_site_name":"PCG","article_modified_time":"2026-02-10T08:22:32+00:00","og_image":[{"width":969,"height":970,"url":"https:\/\/pcg.io\/wp-content\/uploads\/2026\/02\/PCG-Favicon.png","type":"image\/png"}],"twitter_card":"summary_large_image","twitter_misc":{"Gesch\u00e4tzte Lesezeit":"23\u00a0Minuten"},"schema":{"@context":"https:\/\/schema.org","@graph":[{"@type":"WebPage","@id":"https:\/\/pcg.io\/de\/microsoft\/modern-workplace-loesungen-m365\/managed-services\/","url":"https:\/\/pcg.io\/de\/microsoft\/modern-workplace-loesungen-m365\/managed-services\/","name":"Managed Microsoft 365 f\u00fcr Unternehmen - PCG","isPartOf":{"@id":"https:\/\/pcg.io\/de\/#website"},"datePublished":"2025-09-25T10:19:53+00:00","dateModified":"2026-02-10T08:22:32+00:00","description":"Public Cloud Group bietet Managed Services f\u00fcr Microsoft 365 mit sicheren und skalierbaren Cloud L\u00f6sungen f\u00fcr moderne IT Infrastrukturen.","breadcrumb":{"@id":"https:\/\/pcg.io\/de\/microsoft\/modern-workplace-loesungen-m365\/managed-services\/#breadcrumb"},"inLanguage":"de","potentialAction":[{"@type":"ReadAction","target":["https:\/\/pcg.io\/de\/microsoft\/modern-workplace-loesungen-m365\/managed-services\/"]}]},{"@type":"BreadcrumbList","@id":"https:\/\/pcg.io\/de\/microsoft\/modern-workplace-loesungen-m365\/managed-services\/#breadcrumb","itemListElement":[{"@type":"ListItem","position":1,"name":"Home","item":"https:\/\/pcg.io\/de\/"},{"@type":"ListItem","position":2,"name":"Microsoft","item":"https:\/\/pcg.io\/de\/microsoft\/"},{"@type":"ListItem","position":3,"name":"Modern Workplace L\u00f6sungen mit M365","item":"https:\/\/pcg.io\/de\/microsoft\/modern-workplace-loesungen-m365\/"},{"@type":"ListItem","position":4,"name":"Managed Services M365"}]},{"@type":"WebSite","@id":"https:\/\/pcg.io\/de\/#website","url":"https:\/\/pcg.io\/de\/","name":"PCG","description":"Your Cloud Journey, Simplified.","potentialAction":[{"@type":"SearchAction","target":{"@type":"EntryPoint","urlTemplate":"https:\/\/pcg.io\/de\/?s={search_term_string}"},"query-input":{"@type":"PropertyValueSpecification","valueRequired":true,"valueName":"search_term_string"}}],"inLanguage":"de"}]}},"_links":{"self":[{"href":"https:\/\/pcg.io\/de\/wp-json\/wp\/v2\/pages\/10834","targetHints":{"allow":["GET"]}}],"collection":[{"href":"https:\/\/pcg.io\/de\/wp-json\/wp\/v2\/pages"}],"about":[{"href":"https:\/\/pcg.io\/de\/wp-json\/wp\/v2\/types\/page"}],"author":[{"embeddable":true,"href":"https:\/\/pcg.io\/de\/wp-json\/wp\/v2\/users\/18"}],"replies":[{"embeddable":true,"href":"https:\/\/pcg.io\/de\/wp-json\/wp\/v2\/comments?post=10834"}],"version-history":[{"count":14,"href":"https:\/\/pcg.io\/de\/wp-json\/wp\/v2\/pages\/10834\/revisions"}],"predecessor-version":[{"id":18983,"href":"https:\/\/pcg.io\/de\/wp-json\/wp\/v2\/pages\/10834\/revisions\/18983"}],"up":[{"embeddable":true,"href":"https:\/\/pcg.io\/de\/wp-json\/wp\/v2\/pages\/10686"}],"wp:attachment":[{"href":"https:\/\/pcg.io\/de\/wp-json\/wp\/v2\/media?parent=10834"}],"curies":[{"name":"wp","href":"https:\/\/api.w.org\/{rel}","templated":true}]}}