{"id":10982,"date":"2025-09-25T11:20:42","date_gmt":"2025-09-25T10:20:42","guid":{"rendered":"https:\/\/pcg.io\/?page_id=10982"},"modified":"2026-02-10T10:31:42","modified_gmt":"2026-02-10T09:31:42","slug":"data-ai","status":"publish","type":"page","link":"https:\/\/pcg.io\/de\/microsoft\/data-ai\/","title":{"rendered":"Microsoft Data &amp; AI"},"content":{"rendered":"","protected":false},"excerpt":{"rendered":"","protected":false},"author":18,"featured_media":0,"parent":10601,"menu_order":1,"comment_status":"closed","ping_status":"closed","template":"","meta":{"_acf_changed":false},"class_list":["post-10982","page","type-page","status-publish","hentry"],"acf":[],"yoast_head":"<!-- This site is optimized with the Yoast SEO plugin v27.3 - https:\/\/yoast.com\/product\/yoast-seo-wordpress\/ -->\n<title>Microsoft Azure KI L\u00f6sungen &amp; Data Strategy - PCG<\/title>\n<meta name=\"description\" content=\"Microsoft Azure KI L\u00f6sungen nutzen: PCG unterst\u00fctzt Sie bei der Entwicklung von KI-Modellen und der Skalierung Ihrer Daten-Infrastruktur.\" \/>\n<meta name=\"robots\" content=\"index, follow, max-snippet:-1, max-image-preview:large, max-video-preview:-1\" \/>\n<link rel=\"canonical\" href=\"https:\/\/pcg.io\/de\/microsoft\/data-ai\/\" \/>\n<meta property=\"og:locale\" content=\"de_DE\" \/>\n<meta property=\"og:type\" content=\"article\" \/>\n<meta property=\"og:title\" content=\"Microsoft Data &amp; AI PCG\" \/>\n<meta property=\"og:description\" content=\"Microsoft Azure KI L\u00f6sungen nutzen: PCG unterst\u00fctzt Sie bei der Entwicklung von KI-Modellen und der Skalierung Ihrer Daten-Infrastruktur.\" \/>\n<meta property=\"og:url\" content=\"https:\/\/pcg.io\/de\/microsoft\/data-ai\/\" \/>\n<meta property=\"og:site_name\" content=\"PCG\" \/>\n<meta property=\"article:modified_time\" content=\"2026-02-10T09:31:42+00:00\" \/>\n<meta property=\"og:image\" content=\"https:\/\/pcg.io\/wp-content\/uploads\/2026\/02\/PCG-Favicon.png\" \/>\n\t<meta property=\"og:image:width\" content=\"969\" \/>\n\t<meta property=\"og:image:height\" content=\"970\" \/>\n\t<meta property=\"og:image:type\" content=\"image\/png\" \/>\n<meta name=\"twitter:card\" content=\"summary_large_image\" \/>\n<meta name=\"twitter:label1\" content=\"Gesch\u00e4tzte Lesezeit\" \/>\n\t<meta name=\"twitter:data1\" content=\"17\u00a0Minuten\" \/>\n<script type=\"application\/ld+json\" class=\"yoast-schema-graph\">{\"@context\":\"https:\\\/\\\/schema.org\",\"@graph\":[{\"@type\":\"WebPage\",\"@id\":\"https:\\\/\\\/pcg.io\\\/de\\\/microsoft\\\/data-ai\\\/\",\"url\":\"https:\\\/\\\/pcg.io\\\/de\\\/microsoft\\\/data-ai\\\/\",\"name\":\"Microsoft Azure KI L\u00f6sungen & Data Strategy - PCG\",\"isPartOf\":{\"@id\":\"https:\\\/\\\/pcg.io\\\/de\\\/#website\"},\"datePublished\":\"2025-09-25T10:20:42+00:00\",\"dateModified\":\"2026-02-10T09:31:42+00:00\",\"description\":\"Microsoft Azure KI L\u00f6sungen nutzen: PCG unterst\u00fctzt Sie bei der Entwicklung von KI-Modellen und der Skalierung Ihrer Daten-Infrastruktur.\",\"breadcrumb\":{\"@id\":\"https:\\\/\\\/pcg.io\\\/de\\\/microsoft\\\/data-ai\\\/#breadcrumb\"},\"inLanguage\":\"de\",\"potentialAction\":[{\"@type\":\"ReadAction\",\"target\":[\"https:\\\/\\\/pcg.io\\\/de\\\/microsoft\\\/data-ai\\\/\"]}]},{\"@type\":\"BreadcrumbList\",\"@id\":\"https:\\\/\\\/pcg.io\\\/de\\\/microsoft\\\/data-ai\\\/#breadcrumb\",\"itemListElement\":[{\"@type\":\"ListItem\",\"position\":1,\"name\":\"Home\",\"item\":\"https:\\\/\\\/pcg.io\\\/de\\\/\"},{\"@type\":\"ListItem\",\"position\":2,\"name\":\"Microsoft\",\"item\":\"https:\\\/\\\/pcg.io\\\/de\\\/microsoft\\\/\"},{\"@type\":\"ListItem\",\"position\":3,\"name\":\"Microsoft Data &amp; AI\"}]},{\"@type\":\"WebSite\",\"@id\":\"https:\\\/\\\/pcg.io\\\/de\\\/#website\",\"url\":\"https:\\\/\\\/pcg.io\\\/de\\\/\",\"name\":\"PCG\",\"description\":\"Your Cloud Journey, Simplified.\",\"potentialAction\":[{\"@type\":\"SearchAction\",\"target\":{\"@type\":\"EntryPoint\",\"urlTemplate\":\"https:\\\/\\\/pcg.io\\\/de\\\/?s={search_term_string}\"},\"query-input\":{\"@type\":\"PropertyValueSpecification\",\"valueRequired\":true,\"valueName\":\"search_term_string\"}}],\"inLanguage\":\"de\"}]}<\/script>\n<!-- \/ Yoast SEO plugin. -->","yoast_head_json":{"title":"Microsoft Azure KI L\u00f6sungen & Data Strategy - PCG","description":"Microsoft Azure KI L\u00f6sungen nutzen: PCG unterst\u00fctzt Sie bei der Entwicklung von KI-Modellen und der Skalierung Ihrer Daten-Infrastruktur.","robots":{"index":"index","follow":"follow","max-snippet":"max-snippet:-1","max-image-preview":"max-image-preview:large","max-video-preview":"max-video-preview:-1"},"canonical":"https:\/\/pcg.io\/de\/microsoft\/data-ai\/","og_locale":"de_DE","og_type":"article","og_title":"Microsoft Data &amp; AI PCG","og_description":"Microsoft Azure KI L\u00f6sungen nutzen: PCG unterst\u00fctzt Sie bei der Entwicklung von KI-Modellen und der Skalierung Ihrer Daten-Infrastruktur.","og_url":"https:\/\/pcg.io\/de\/microsoft\/data-ai\/","og_site_name":"PCG","article_modified_time":"2026-02-10T09:31:42+00:00","og_image":[{"width":969,"height":970,"url":"https:\/\/pcg.io\/wp-content\/uploads\/2026\/02\/PCG-Favicon.png","type":"image\/png"}],"twitter_card":"summary_large_image","twitter_misc":{"Gesch\u00e4tzte Lesezeit":"17\u00a0Minuten"},"schema":{"@context":"https:\/\/schema.org","@graph":[{"@type":"WebPage","@id":"https:\/\/pcg.io\/de\/microsoft\/data-ai\/","url":"https:\/\/pcg.io\/de\/microsoft\/data-ai\/","name":"Microsoft Azure KI L\u00f6sungen & Data Strategy - PCG","isPartOf":{"@id":"https:\/\/pcg.io\/de\/#website"},"datePublished":"2025-09-25T10:20:42+00:00","dateModified":"2026-02-10T09:31:42+00:00","description":"Microsoft Azure KI L\u00f6sungen nutzen: PCG unterst\u00fctzt Sie bei der Entwicklung von KI-Modellen und der Skalierung Ihrer Daten-Infrastruktur.","breadcrumb":{"@id":"https:\/\/pcg.io\/de\/microsoft\/data-ai\/#breadcrumb"},"inLanguage":"de","potentialAction":[{"@type":"ReadAction","target":["https:\/\/pcg.io\/de\/microsoft\/data-ai\/"]}]},{"@type":"BreadcrumbList","@id":"https:\/\/pcg.io\/de\/microsoft\/data-ai\/#breadcrumb","itemListElement":[{"@type":"ListItem","position":1,"name":"Home","item":"https:\/\/pcg.io\/de\/"},{"@type":"ListItem","position":2,"name":"Microsoft","item":"https:\/\/pcg.io\/de\/microsoft\/"},{"@type":"ListItem","position":3,"name":"Microsoft Data &amp; AI"}]},{"@type":"WebSite","@id":"https:\/\/pcg.io\/de\/#website","url":"https:\/\/pcg.io\/de\/","name":"PCG","description":"Your Cloud Journey, Simplified.","potentialAction":[{"@type":"SearchAction","target":{"@type":"EntryPoint","urlTemplate":"https:\/\/pcg.io\/de\/?s={search_term_string}"},"query-input":{"@type":"PropertyValueSpecification","valueRequired":true,"valueName":"search_term_string"}}],"inLanguage":"de"}]}},"_links":{"self":[{"href":"https:\/\/pcg.io\/de\/wp-json\/wp\/v2\/pages\/10982","targetHints":{"allow":["GET"]}}],"collection":[{"href":"https:\/\/pcg.io\/de\/wp-json\/wp\/v2\/pages"}],"about":[{"href":"https:\/\/pcg.io\/de\/wp-json\/wp\/v2\/types\/page"}],"author":[{"embeddable":true,"href":"https:\/\/pcg.io\/de\/wp-json\/wp\/v2\/users\/18"}],"replies":[{"embeddable":true,"href":"https:\/\/pcg.io\/de\/wp-json\/wp\/v2\/comments?post=10982"}],"version-history":[{"count":19,"href":"https:\/\/pcg.io\/de\/wp-json\/wp\/v2\/pages\/10982\/revisions"}],"predecessor-version":[{"id":15781,"href":"https:\/\/pcg.io\/de\/wp-json\/wp\/v2\/pages\/10982\/revisions\/15781"}],"up":[{"embeddable":true,"href":"https:\/\/pcg.io\/de\/wp-json\/wp\/v2\/pages\/10601"}],"wp:attachment":[{"href":"https:\/\/pcg.io\/de\/wp-json\/wp\/v2\/media?parent=10982"}],"curies":[{"name":"wp","href":"https:\/\/api.w.org\/{rel}","templated":true}]}}