{"id":11557,"date":"2025-10-07T07:36:56","date_gmt":"2025-10-07T06:36:56","guid":{"rendered":"https:\/\/pcg.io\/?page_id=11557"},"modified":"2026-01-06T12:54:56","modified_gmt":"2026-01-06T11:54:56","slug":"infrastruktur","status":"publish","type":"page","link":"https:\/\/pcg.io\/de\/services\/infrastruktur\/","title":{"rendered":"Cloud Infrastruktur"},"content":{"rendered":"","protected":false},"excerpt":{"rendered":"","protected":false},"author":14,"featured_media":0,"parent":11953,"menu_order":0,"comment_status":"closed","ping_status":"closed","template":"","meta":{"_acf_changed":false},"class_list":["post-11557","page","type-page","status-publish","hentry"],"acf":[],"yoast_head":"<!-- This site is optimized with the Yoast SEO plugin v27.4 - https:\/\/yoast.com\/product\/yoast-seo-wordpress\/ -->\n<title>Cloud Infrastruktur - PCG<\/title>\n<meta name=\"description\" content=\"Ihre IT ben\u00f6tigt ein starkes, skalierbares Cloud-Fundament. Wir sorgen daf\u00fcr, dass Ihre Infrastruktur sicher, effizient und KI-f\u00e4hig ist.\" \/>\n<meta name=\"robots\" content=\"index, follow, max-snippet:-1, max-image-preview:large, max-video-preview:-1\" \/>\n<link rel=\"canonical\" href=\"https:\/\/pcg.io\/de\/services\/infrastruktur\/\" \/>\n<meta property=\"og:locale\" content=\"de_DE\" \/>\n<meta property=\"og:type\" content=\"article\" \/>\n<meta property=\"og:title\" content=\"Cloud Infrastruktur - PCG\" \/>\n<meta property=\"og:description\" content=\"Ihre IT ben\u00f6tigt ein starkes, skalierbares Cloud-Fundament. Wir sorgen daf\u00fcr, dass Ihre Infrastruktur sicher, effizient und KI-f\u00e4hig ist.\" \/>\n<meta property=\"og:url\" content=\"https:\/\/pcg.io\/de\/services\/infrastruktur\/\" \/>\n<meta property=\"og:site_name\" content=\"PCG\" \/>\n<meta property=\"article:modified_time\" content=\"2026-01-06T11:54:56+00:00\" \/>\n<meta name=\"twitter:card\" content=\"summary_large_image\" \/>\n<meta name=\"twitter:label1\" content=\"Gesch\u00e4tzte Lesezeit\" \/>\n\t<meta name=\"twitter:data1\" content=\"65\u00a0Minuten\" \/>\n<script type=\"application\/ld+json\" class=\"yoast-schema-graph\">{\"@context\":\"https:\\\/\\\/schema.org\",\"@graph\":[{\"@type\":\"WebPage\",\"@id\":\"https:\\\/\\\/pcg.io\\\/de\\\/services\\\/infrastruktur\\\/\",\"url\":\"https:\\\/\\\/pcg.io\\\/de\\\/services\\\/infrastruktur\\\/\",\"name\":\"Cloud Infrastruktur - PCG\",\"isPartOf\":{\"@id\":\"https:\\\/\\\/pcg.io\\\/de\\\/#website\"},\"datePublished\":\"2025-10-07T06:36:56+00:00\",\"dateModified\":\"2026-01-06T11:54:56+00:00\",\"description\":\"Ihre IT ben\u00f6tigt ein starkes, skalierbares Cloud-Fundament. Wir sorgen daf\u00fcr, dass Ihre Infrastruktur sicher, effizient und KI-f\u00e4hig ist.\",\"breadcrumb\":{\"@id\":\"https:\\\/\\\/pcg.io\\\/de\\\/services\\\/infrastruktur\\\/#breadcrumb\"},\"inLanguage\":\"de\",\"potentialAction\":[{\"@type\":\"ReadAction\",\"target\":[\"https:\\\/\\\/pcg.io\\\/de\\\/services\\\/infrastruktur\\\/\"]}]},{\"@type\":\"BreadcrumbList\",\"@id\":\"https:\\\/\\\/pcg.io\\\/de\\\/services\\\/infrastruktur\\\/#breadcrumb\",\"itemListElement\":[{\"@type\":\"ListItem\",\"position\":1,\"name\":\"Home\",\"item\":\"https:\\\/\\\/pcg.io\\\/de\\\/\"},{\"@type\":\"ListItem\",\"position\":2,\"name\":\"Services\",\"item\":\"https:\\\/\\\/pcg.io\\\/de\\\/services\\\/\"},{\"@type\":\"ListItem\",\"position\":3,\"name\":\"Cloud Infrastruktur\"}]},{\"@type\":\"WebSite\",\"@id\":\"https:\\\/\\\/pcg.io\\\/de\\\/#website\",\"url\":\"https:\\\/\\\/pcg.io\\\/de\\\/\",\"name\":\"PCG\",\"description\":\"Your Cloud Journey, Simplified.\",\"potentialAction\":[{\"@type\":\"SearchAction\",\"target\":{\"@type\":\"EntryPoint\",\"urlTemplate\":\"https:\\\/\\\/pcg.io\\\/de\\\/?s={search_term_string}\"},\"query-input\":{\"@type\":\"PropertyValueSpecification\",\"valueRequired\":true,\"valueName\":\"search_term_string\"}}],\"inLanguage\":\"de\"}]}<\/script>\n<!-- \/ Yoast SEO plugin. -->","yoast_head_json":{"title":"Cloud Infrastruktur - PCG","description":"Ihre IT ben\u00f6tigt ein starkes, skalierbares Cloud-Fundament. Wir sorgen daf\u00fcr, dass Ihre Infrastruktur sicher, effizient und KI-f\u00e4hig ist.","robots":{"index":"index","follow":"follow","max-snippet":"max-snippet:-1","max-image-preview":"max-image-preview:large","max-video-preview":"max-video-preview:-1"},"canonical":"https:\/\/pcg.io\/de\/services\/infrastruktur\/","og_locale":"de_DE","og_type":"article","og_title":"Cloud Infrastruktur - PCG","og_description":"Ihre IT ben\u00f6tigt ein starkes, skalierbares Cloud-Fundament. Wir sorgen daf\u00fcr, dass Ihre Infrastruktur sicher, effizient und KI-f\u00e4hig ist.","og_url":"https:\/\/pcg.io\/de\/services\/infrastruktur\/","og_site_name":"PCG","article_modified_time":"2026-01-06T11:54:56+00:00","twitter_card":"summary_large_image","twitter_misc":{"Gesch\u00e4tzte Lesezeit":"65\u00a0Minuten"},"schema":{"@context":"https:\/\/schema.org","@graph":[{"@type":"WebPage","@id":"https:\/\/pcg.io\/de\/services\/infrastruktur\/","url":"https:\/\/pcg.io\/de\/services\/infrastruktur\/","name":"Cloud Infrastruktur - PCG","isPartOf":{"@id":"https:\/\/pcg.io\/de\/#website"},"datePublished":"2025-10-07T06:36:56+00:00","dateModified":"2026-01-06T11:54:56+00:00","description":"Ihre IT ben\u00f6tigt ein starkes, skalierbares Cloud-Fundament. Wir sorgen daf\u00fcr, dass Ihre Infrastruktur sicher, effizient und KI-f\u00e4hig ist.","breadcrumb":{"@id":"https:\/\/pcg.io\/de\/services\/infrastruktur\/#breadcrumb"},"inLanguage":"de","potentialAction":[{"@type":"ReadAction","target":["https:\/\/pcg.io\/de\/services\/infrastruktur\/"]}]},{"@type":"BreadcrumbList","@id":"https:\/\/pcg.io\/de\/services\/infrastruktur\/#breadcrumb","itemListElement":[{"@type":"ListItem","position":1,"name":"Home","item":"https:\/\/pcg.io\/de\/"},{"@type":"ListItem","position":2,"name":"Services","item":"https:\/\/pcg.io\/de\/services\/"},{"@type":"ListItem","position":3,"name":"Cloud Infrastruktur"}]},{"@type":"WebSite","@id":"https:\/\/pcg.io\/de\/#website","url":"https:\/\/pcg.io\/de\/","name":"PCG","description":"Your Cloud Journey, Simplified.","potentialAction":[{"@type":"SearchAction","target":{"@type":"EntryPoint","urlTemplate":"https:\/\/pcg.io\/de\/?s={search_term_string}"},"query-input":{"@type":"PropertyValueSpecification","valueRequired":true,"valueName":"search_term_string"}}],"inLanguage":"de"}]}},"_links":{"self":[{"href":"https:\/\/pcg.io\/de\/wp-json\/wp\/v2\/pages\/11557","targetHints":{"allow":["GET"]}}],"collection":[{"href":"https:\/\/pcg.io\/de\/wp-json\/wp\/v2\/pages"}],"about":[{"href":"https:\/\/pcg.io\/de\/wp-json\/wp\/v2\/types\/page"}],"author":[{"embeddable":true,"href":"https:\/\/pcg.io\/de\/wp-json\/wp\/v2\/users\/14"}],"replies":[{"embeddable":true,"href":"https:\/\/pcg.io\/de\/wp-json\/wp\/v2\/comments?post=11557"}],"version-history":[{"count":13,"href":"https:\/\/pcg.io\/de\/wp-json\/wp\/v2\/pages\/11557\/revisions"}],"predecessor-version":[{"id":18338,"href":"https:\/\/pcg.io\/de\/wp-json\/wp\/v2\/pages\/11557\/revisions\/18338"}],"up":[{"embeddable":true,"href":"https:\/\/pcg.io\/de\/wp-json\/wp\/v2\/pages\/11953"}],"wp:attachment":[{"href":"https:\/\/pcg.io\/de\/wp-json\/wp\/v2\/media?parent=11557"}],"curies":[{"name":"wp","href":"https:\/\/api.w.org\/{rel}","templated":true}]}}