{"id":11834,"date":"2025-09-30T07:47:11","date_gmt":"2025-09-30T06:47:11","guid":{"rendered":"https:\/\/pcg.io\/?page_id=11834"},"modified":"2026-01-26T16:51:57","modified_gmt":"2026-01-26T15:51:57","slug":"ki-am-arbeitsplatz","status":"publish","type":"page","link":"https:\/\/pcg.io\/de\/services\/ki-am-arbeitsplatz\/","title":{"rendered":"KI-Gest\u00fctzter Arbeitsplatz"},"content":{"rendered":"","protected":false},"excerpt":{"rendered":"","protected":false},"author":18,"featured_media":0,"parent":11953,"menu_order":1,"comment_status":"closed","ping_status":"closed","template":"","meta":{"_acf_changed":false},"class_list":["post-11834","page","type-page","status-publish","hentry"],"acf":[],"yoast_head":"<!-- This site is optimized with the Yoast SEO plugin v27.4 - https:\/\/yoast.com\/product\/yoast-seo-wordpress\/ -->\n<title>KI-Gest\u00fctzter Arbeitsplatz - PCG<\/title>\n<meta name=\"description\" content=\"Entdecken Sie die Vorteile eines digitalen Arbeitsplatzes und erhalten Sie ma\u00dfgeschneiderte L\u00f6sungen und Support von PCG.\" \/>\n<meta name=\"robots\" content=\"index, follow, max-snippet:-1, max-image-preview:large, max-video-preview:-1\" \/>\n<link rel=\"canonical\" href=\"https:\/\/pcg.io\/de\/services\/ki-am-arbeitsplatz\/\" \/>\n<meta property=\"og:locale\" content=\"de_DE\" \/>\n<meta property=\"og:type\" content=\"article\" \/>\n<meta property=\"og:title\" content=\"KI-Gest\u00fctzter Arbeitsplatz - PCG\" \/>\n<meta property=\"og:description\" content=\"Entdecken Sie die Vorteile eines digitalen Arbeitsplatzes und erhalten Sie ma\u00dfgeschneiderte L\u00f6sungen und Support von PCG.\" \/>\n<meta property=\"og:url\" content=\"https:\/\/pcg.io\/de\/services\/ki-am-arbeitsplatz\/\" \/>\n<meta property=\"og:site_name\" content=\"PCG\" \/>\n<meta property=\"article:modified_time\" content=\"2026-01-26T15:51:57+00:00\" \/>\n<meta name=\"twitter:card\" content=\"summary_large_image\" \/>\n<meta name=\"twitter:label1\" content=\"Gesch\u00e4tzte Lesezeit\" \/>\n\t<meta name=\"twitter:data1\" content=\"25\u00a0Minuten\" \/>\n<script type=\"application\/ld+json\" class=\"yoast-schema-graph\">{\"@context\":\"https:\\\/\\\/schema.org\",\"@graph\":[{\"@type\":\"WebPage\",\"@id\":\"https:\\\/\\\/pcg.io\\\/de\\\/services\\\/ki-am-arbeitsplatz\\\/\",\"url\":\"https:\\\/\\\/pcg.io\\\/de\\\/services\\\/ki-am-arbeitsplatz\\\/\",\"name\":\"KI-Gest\u00fctzter Arbeitsplatz - PCG\",\"isPartOf\":{\"@id\":\"https:\\\/\\\/pcg.io\\\/de\\\/#website\"},\"datePublished\":\"2025-09-30T06:47:11+00:00\",\"dateModified\":\"2026-01-26T15:51:57+00:00\",\"description\":\"Entdecken Sie die Vorteile eines digitalen Arbeitsplatzes und erhalten Sie ma\u00dfgeschneiderte L\u00f6sungen und Support von PCG.\",\"breadcrumb\":{\"@id\":\"https:\\\/\\\/pcg.io\\\/de\\\/services\\\/ki-am-arbeitsplatz\\\/#breadcrumb\"},\"inLanguage\":\"de\",\"potentialAction\":[{\"@type\":\"ReadAction\",\"target\":[\"https:\\\/\\\/pcg.io\\\/de\\\/services\\\/ki-am-arbeitsplatz\\\/\"]}]},{\"@type\":\"BreadcrumbList\",\"@id\":\"https:\\\/\\\/pcg.io\\\/de\\\/services\\\/ki-am-arbeitsplatz\\\/#breadcrumb\",\"itemListElement\":[{\"@type\":\"ListItem\",\"position\":1,\"name\":\"Home\",\"item\":\"https:\\\/\\\/pcg.io\\\/de\\\/\"},{\"@type\":\"ListItem\",\"position\":2,\"name\":\"Services\",\"item\":\"https:\\\/\\\/pcg.io\\\/de\\\/services\\\/\"},{\"@type\":\"ListItem\",\"position\":3,\"name\":\"KI-Gest\u00fctzter Arbeitsplatz\"}]},{\"@type\":\"WebSite\",\"@id\":\"https:\\\/\\\/pcg.io\\\/de\\\/#website\",\"url\":\"https:\\\/\\\/pcg.io\\\/de\\\/\",\"name\":\"PCG\",\"description\":\"Your Cloud Journey, Simplified.\",\"potentialAction\":[{\"@type\":\"SearchAction\",\"target\":{\"@type\":\"EntryPoint\",\"urlTemplate\":\"https:\\\/\\\/pcg.io\\\/de\\\/?s={search_term_string}\"},\"query-input\":{\"@type\":\"PropertyValueSpecification\",\"valueRequired\":true,\"valueName\":\"search_term_string\"}}],\"inLanguage\":\"de\"}]}<\/script>\n<!-- \/ Yoast SEO plugin. -->","yoast_head_json":{"title":"KI-Gest\u00fctzter Arbeitsplatz - PCG","description":"Entdecken Sie die Vorteile eines digitalen Arbeitsplatzes und erhalten Sie ma\u00dfgeschneiderte L\u00f6sungen und Support von PCG.","robots":{"index":"index","follow":"follow","max-snippet":"max-snippet:-1","max-image-preview":"max-image-preview:large","max-video-preview":"max-video-preview:-1"},"canonical":"https:\/\/pcg.io\/de\/services\/ki-am-arbeitsplatz\/","og_locale":"de_DE","og_type":"article","og_title":"KI-Gest\u00fctzter Arbeitsplatz - PCG","og_description":"Entdecken Sie die Vorteile eines digitalen Arbeitsplatzes und erhalten Sie ma\u00dfgeschneiderte L\u00f6sungen und Support von PCG.","og_url":"https:\/\/pcg.io\/de\/services\/ki-am-arbeitsplatz\/","og_site_name":"PCG","article_modified_time":"2026-01-26T15:51:57+00:00","twitter_card":"summary_large_image","twitter_misc":{"Gesch\u00e4tzte Lesezeit":"25\u00a0Minuten"},"schema":{"@context":"https:\/\/schema.org","@graph":[{"@type":"WebPage","@id":"https:\/\/pcg.io\/de\/services\/ki-am-arbeitsplatz\/","url":"https:\/\/pcg.io\/de\/services\/ki-am-arbeitsplatz\/","name":"KI-Gest\u00fctzter Arbeitsplatz - PCG","isPartOf":{"@id":"https:\/\/pcg.io\/de\/#website"},"datePublished":"2025-09-30T06:47:11+00:00","dateModified":"2026-01-26T15:51:57+00:00","description":"Entdecken Sie die Vorteile eines digitalen Arbeitsplatzes und erhalten Sie ma\u00dfgeschneiderte L\u00f6sungen und Support von PCG.","breadcrumb":{"@id":"https:\/\/pcg.io\/de\/services\/ki-am-arbeitsplatz\/#breadcrumb"},"inLanguage":"de","potentialAction":[{"@type":"ReadAction","target":["https:\/\/pcg.io\/de\/services\/ki-am-arbeitsplatz\/"]}]},{"@type":"BreadcrumbList","@id":"https:\/\/pcg.io\/de\/services\/ki-am-arbeitsplatz\/#breadcrumb","itemListElement":[{"@type":"ListItem","position":1,"name":"Home","item":"https:\/\/pcg.io\/de\/"},{"@type":"ListItem","position":2,"name":"Services","item":"https:\/\/pcg.io\/de\/services\/"},{"@type":"ListItem","position":3,"name":"KI-Gest\u00fctzter Arbeitsplatz"}]},{"@type":"WebSite","@id":"https:\/\/pcg.io\/de\/#website","url":"https:\/\/pcg.io\/de\/","name":"PCG","description":"Your Cloud Journey, Simplified.","potentialAction":[{"@type":"SearchAction","target":{"@type":"EntryPoint","urlTemplate":"https:\/\/pcg.io\/de\/?s={search_term_string}"},"query-input":{"@type":"PropertyValueSpecification","valueRequired":true,"valueName":"search_term_string"}}],"inLanguage":"de"}]}},"_links":{"self":[{"href":"https:\/\/pcg.io\/de\/wp-json\/wp\/v2\/pages\/11834","targetHints":{"allow":["GET"]}}],"collection":[{"href":"https:\/\/pcg.io\/de\/wp-json\/wp\/v2\/pages"}],"about":[{"href":"https:\/\/pcg.io\/de\/wp-json\/wp\/v2\/types\/page"}],"author":[{"embeddable":true,"href":"https:\/\/pcg.io\/de\/wp-json\/wp\/v2\/users\/18"}],"replies":[{"embeddable":true,"href":"https:\/\/pcg.io\/de\/wp-json\/wp\/v2\/comments?post=11834"}],"version-history":[{"count":8,"href":"https:\/\/pcg.io\/de\/wp-json\/wp\/v2\/pages\/11834\/revisions"}],"predecessor-version":[{"id":17228,"href":"https:\/\/pcg.io\/de\/wp-json\/wp\/v2\/pages\/11834\/revisions\/17228"}],"up":[{"embeddable":true,"href":"https:\/\/pcg.io\/de\/wp-json\/wp\/v2\/pages\/11953"}],"wp:attachment":[{"href":"https:\/\/pcg.io\/de\/wp-json\/wp\/v2\/media?parent=11834"}],"curies":[{"name":"wp","href":"https:\/\/api.w.org\/{rel}","templated":true}]}}