{"id":12040,"date":"2025-11-19T13:32:13","date_gmt":"2025-11-19T12:32:13","guid":{"rendered":"https:\/\/pcg.io\/?page_id=12040"},"modified":"2025-12-04T18:04:08","modified_gmt":"2025-12-04T17:04:08","slug":"chrome-hardware-geratemanagement","status":"publish","type":"page","link":"https:\/\/pcg.io\/de\/google-cloud\/ki-gestuetzter-arbeitsplatz-mit-google\/chrome-hardware-geratemanagement\/","title":{"rendered":"Chrome Hardware &amp; Ger\u00e4temanagement"},"content":{"rendered":"","protected":false},"excerpt":{"rendered":"","protected":false},"author":17,"featured_media":0,"parent":13914,"menu_order":5,"comment_status":"closed","ping_status":"closed","template":"","meta":{"_acf_changed":false},"class_list":["post-12040","page","type-page","status-publish","hentry"],"acf":[],"yoast_head":"<!-- This site is optimized with the Yoast SEO plugin v27.2 - https:\/\/yoast.com\/product\/yoast-seo-wordpress\/ -->\n<title>Chrome Hardware &amp; Ger\u00e4temanagement - PCG<\/title>\n<meta name=\"description\" content=\"Sichere Hardware und cloudbasierte Ger\u00e4teverwaltung: Lernen Sie ChromeOS-Ger\u00e4te und ihre vielf\u00e4ltigen M\u00f6glichkeiten kennen.\" \/>\n<meta name=\"robots\" content=\"index, follow, max-snippet:-1, max-image-preview:large, max-video-preview:-1\" \/>\n<link rel=\"canonical\" href=\"https:\/\/pcg.io\/de\/google-cloud\/ki-gestuetzter-arbeitsplatz-mit-google\/chrome-hardware-geratemanagement\/\" \/>\n<meta property=\"og:locale\" content=\"de_DE\" \/>\n<meta property=\"og:type\" content=\"article\" \/>\n<meta property=\"og:title\" content=\"Chrome Hardware &amp; Ger\u00e4temanagement - PCG\" \/>\n<meta property=\"og:description\" content=\"Sichere Hardware und cloudbasierte Ger\u00e4teverwaltung: Lernen Sie ChromeOS-Ger\u00e4te und ihre vielf\u00e4ltigen M\u00f6glichkeiten kennen.\" \/>\n<meta property=\"og:url\" content=\"https:\/\/pcg.io\/de\/google-cloud\/ki-gestuetzter-arbeitsplatz-mit-google\/chrome-hardware-geratemanagement\/\" \/>\n<meta property=\"og:site_name\" content=\"PCG\" \/>\n<meta property=\"article:modified_time\" content=\"2025-12-04T17:04:08+00:00\" \/>\n<meta name=\"twitter:card\" content=\"summary_large_image\" \/>\n<meta name=\"twitter:label1\" content=\"Gesch\u00e4tzte Lesezeit\" \/>\n\t<meta name=\"twitter:data1\" content=\"6\u00a0Minuten\" \/>\n<script type=\"application\/ld+json\" class=\"yoast-schema-graph\">{\"@context\":\"https:\/\/schema.org\",\"@graph\":[{\"@type\":\"WebPage\",\"@id\":\"https:\/\/pcg.io\/de\/google-cloud\/ki-gestuetzter-arbeitsplatz-mit-google\/chrome-hardware-geratemanagement\/\",\"url\":\"https:\/\/pcg.io\/de\/google-cloud\/ki-gestuetzter-arbeitsplatz-mit-google\/chrome-hardware-geratemanagement\/\",\"name\":\"Chrome Hardware &amp; Ger\u00e4temanagement - PCG\",\"isPartOf\":{\"@id\":\"https:\/\/pcg.io\/de\/#website\"},\"datePublished\":\"2025-11-19T12:32:13+00:00\",\"dateModified\":\"2025-12-04T17:04:08+00:00\",\"description\":\"Sichere Hardware und cloudbasierte Ger\u00e4teverwaltung: Lernen Sie ChromeOS-Ger\u00e4te und ihre vielf\u00e4ltigen M\u00f6glichkeiten kennen.\",\"breadcrumb\":{\"@id\":\"https:\/\/pcg.io\/de\/google-cloud\/ki-gestuetzter-arbeitsplatz-mit-google\/chrome-hardware-geratemanagement\/#breadcrumb\"},\"inLanguage\":\"de\",\"potentialAction\":[{\"@type\":\"ReadAction\",\"target\":[\"https:\/\/pcg.io\/de\/google-cloud\/ki-gestuetzter-arbeitsplatz-mit-google\/chrome-hardware-geratemanagement\/\"]}]},{\"@type\":\"BreadcrumbList\",\"@id\":\"https:\/\/pcg.io\/de\/google-cloud\/ki-gestuetzter-arbeitsplatz-mit-google\/chrome-hardware-geratemanagement\/#breadcrumb\",\"itemListElement\":[{\"@type\":\"ListItem\",\"position\":1,\"name\":\"Home\",\"item\":\"https:\/\/pcg.io\/de\/\"},{\"@type\":\"ListItem\",\"position\":2,\"name\":\"Google Cloud\",\"item\":\"https:\/\/pcg.io\/de\/google-cloud\/\"},{\"@type\":\"ListItem\",\"position\":3,\"name\":\"KI-gest\u00fctzer Arbeitsplatz mit Google\",\"item\":\"https:\/\/pcg.io\/de\/google-cloud\/ki-gestuetzter-arbeitsplatz-mit-google\/\"},{\"@type\":\"ListItem\",\"position\":4,\"name\":\"Chrome Hardware &amp; Ger\u00e4temanagement\"}]},{\"@type\":\"WebSite\",\"@id\":\"https:\/\/pcg.io\/de\/#website\",\"url\":\"https:\/\/pcg.io\/de\/\",\"name\":\"PCG\",\"description\":\"Your Cloud Journey, Simplified.\",\"potentialAction\":[{\"@type\":\"SearchAction\",\"target\":{\"@type\":\"EntryPoint\",\"urlTemplate\":\"https:\/\/pcg.io\/de\/?s={search_term_string}\"},\"query-input\":{\"@type\":\"PropertyValueSpecification\",\"valueRequired\":true,\"valueName\":\"search_term_string\"}}],\"inLanguage\":\"de\"}]}<\/script>\n<!-- \/ Yoast SEO plugin. -->","yoast_head_json":{"title":"Chrome Hardware &amp; Ger\u00e4temanagement - PCG","description":"Sichere Hardware und cloudbasierte Ger\u00e4teverwaltung: Lernen Sie ChromeOS-Ger\u00e4te und ihre vielf\u00e4ltigen M\u00f6glichkeiten kennen.","robots":{"index":"index","follow":"follow","max-snippet":"max-snippet:-1","max-image-preview":"max-image-preview:large","max-video-preview":"max-video-preview:-1"},"canonical":"https:\/\/pcg.io\/de\/google-cloud\/ki-gestuetzter-arbeitsplatz-mit-google\/chrome-hardware-geratemanagement\/","og_locale":"de_DE","og_type":"article","og_title":"Chrome Hardware &amp; Ger\u00e4temanagement - PCG","og_description":"Sichere Hardware und cloudbasierte Ger\u00e4teverwaltung: Lernen Sie ChromeOS-Ger\u00e4te und ihre vielf\u00e4ltigen M\u00f6glichkeiten kennen.","og_url":"https:\/\/pcg.io\/de\/google-cloud\/ki-gestuetzter-arbeitsplatz-mit-google\/chrome-hardware-geratemanagement\/","og_site_name":"PCG","article_modified_time":"2025-12-04T17:04:08+00:00","twitter_card":"summary_large_image","twitter_misc":{"Gesch\u00e4tzte Lesezeit":"6\u00a0Minuten"},"schema":{"@context":"https:\/\/schema.org","@graph":[{"@type":"WebPage","@id":"https:\/\/pcg.io\/de\/google-cloud\/ki-gestuetzter-arbeitsplatz-mit-google\/chrome-hardware-geratemanagement\/","url":"https:\/\/pcg.io\/de\/google-cloud\/ki-gestuetzter-arbeitsplatz-mit-google\/chrome-hardware-geratemanagement\/","name":"Chrome Hardware &amp; Ger\u00e4temanagement - PCG","isPartOf":{"@id":"https:\/\/pcg.io\/de\/#website"},"datePublished":"2025-11-19T12:32:13+00:00","dateModified":"2025-12-04T17:04:08+00:00","description":"Sichere Hardware und cloudbasierte Ger\u00e4teverwaltung: Lernen Sie ChromeOS-Ger\u00e4te und ihre vielf\u00e4ltigen M\u00f6glichkeiten kennen.","breadcrumb":{"@id":"https:\/\/pcg.io\/de\/google-cloud\/ki-gestuetzter-arbeitsplatz-mit-google\/chrome-hardware-geratemanagement\/#breadcrumb"},"inLanguage":"de","potentialAction":[{"@type":"ReadAction","target":["https:\/\/pcg.io\/de\/google-cloud\/ki-gestuetzter-arbeitsplatz-mit-google\/chrome-hardware-geratemanagement\/"]}]},{"@type":"BreadcrumbList","@id":"https:\/\/pcg.io\/de\/google-cloud\/ki-gestuetzter-arbeitsplatz-mit-google\/chrome-hardware-geratemanagement\/#breadcrumb","itemListElement":[{"@type":"ListItem","position":1,"name":"Home","item":"https:\/\/pcg.io\/de\/"},{"@type":"ListItem","position":2,"name":"Google Cloud","item":"https:\/\/pcg.io\/de\/google-cloud\/"},{"@type":"ListItem","position":3,"name":"KI-gest\u00fctzer Arbeitsplatz mit Google","item":"https:\/\/pcg.io\/de\/google-cloud\/ki-gestuetzter-arbeitsplatz-mit-google\/"},{"@type":"ListItem","position":4,"name":"Chrome Hardware &amp; Ger\u00e4temanagement"}]},{"@type":"WebSite","@id":"https:\/\/pcg.io\/de\/#website","url":"https:\/\/pcg.io\/de\/","name":"PCG","description":"Your Cloud Journey, Simplified.","potentialAction":[{"@type":"SearchAction","target":{"@type":"EntryPoint","urlTemplate":"https:\/\/pcg.io\/de\/?s={search_term_string}"},"query-input":{"@type":"PropertyValueSpecification","valueRequired":true,"valueName":"search_term_string"}}],"inLanguage":"de"}]}},"_links":{"self":[{"href":"https:\/\/pcg.io\/de\/wp-json\/wp\/v2\/pages\/12040","targetHints":{"allow":["GET"]}}],"collection":[{"href":"https:\/\/pcg.io\/de\/wp-json\/wp\/v2\/pages"}],"about":[{"href":"https:\/\/pcg.io\/de\/wp-json\/wp\/v2\/types\/page"}],"author":[{"embeddable":true,"href":"https:\/\/pcg.io\/de\/wp-json\/wp\/v2\/users\/17"}],"replies":[{"embeddable":true,"href":"https:\/\/pcg.io\/de\/wp-json\/wp\/v2\/comments?post=12040"}],"version-history":[{"count":7,"href":"https:\/\/pcg.io\/de\/wp-json\/wp\/v2\/pages\/12040\/revisions"}],"predecessor-version":[{"id":15726,"href":"https:\/\/pcg.io\/de\/wp-json\/wp\/v2\/pages\/12040\/revisions\/15726"}],"up":[{"embeddable":true,"href":"https:\/\/pcg.io\/de\/wp-json\/wp\/v2\/pages\/13914"}],"wp:attachment":[{"href":"https:\/\/pcg.io\/de\/wp-json\/wp\/v2\/media?parent=12040"}],"curies":[{"name":"wp","href":"https:\/\/api.w.org\/{rel}","templated":true}]}}