{"id":16140,"date":"2025-10-22T17:50:19","date_gmt":"2025-10-22T16:50:19","guid":{"rendered":"https:\/\/pcg.io\/about-us\/partners-aws\/"},"modified":"2026-01-21T12:55:45","modified_gmt":"2026-01-21T11:55:45","slug":"partner-aws","status":"publish","type":"page","link":"https:\/\/pcg.io\/de\/about-us\/partner-aws\/","title":{"rendered":"Partner AWS"},"content":{"rendered":"","protected":false},"excerpt":{"rendered":"","protected":false},"author":9,"featured_media":0,"parent":11668,"menu_order":1,"comment_status":"closed","ping_status":"closed","template":"","meta":{"_acf_changed":false},"class_list":["post-16140","page","type-page","status-publish","hentry"],"acf":[],"yoast_head":"<!-- This site is optimized with the Yoast SEO plugin v27.3 - https:\/\/yoast.com\/product\/yoast-seo-wordpress\/ -->\n<title>Partner AWS - PCG<\/title>\n<meta name=\"description\" content=\"AWS Premier Partner: Die PCG garantiert als AWS Premier Partner h\u00f6chste Qualit\u00e4t bei Migration, Entwicklung und Betrieb Ihrer Cloud-L\u00f6sungen.\" \/>\n<meta name=\"robots\" content=\"index, follow, max-snippet:-1, max-image-preview:large, max-video-preview:-1\" \/>\n<link rel=\"canonical\" href=\"https:\/\/pcg.io\/de\/about-us\/partner-aws\/\" \/>\n<meta property=\"og:locale\" content=\"de_DE\" \/>\n<meta property=\"og:type\" content=\"article\" \/>\n<meta property=\"og:title\" content=\"Partner AWS - PCG\" \/>\n<meta property=\"og:description\" content=\"AWS Premier Partner: Die PCG garantiert als AWS Premier Partner h\u00f6chste Qualit\u00e4t bei Migration, Entwicklung und Betrieb Ihrer Cloud-L\u00f6sungen.\" \/>\n<meta property=\"og:url\" content=\"https:\/\/pcg.io\/de\/about-us\/partner-aws\/\" \/>\n<meta property=\"og:site_name\" content=\"PCG\" \/>\n<meta property=\"article:modified_time\" content=\"2026-01-21T11:55:45+00:00\" \/>\n<meta name=\"twitter:card\" content=\"summary_large_image\" \/>\n<meta name=\"twitter:label1\" content=\"Gesch\u00e4tzte Lesezeit\" \/>\n\t<meta name=\"twitter:data1\" content=\"51\u00a0Minuten\" \/>\n<script type=\"application\/ld+json\" class=\"yoast-schema-graph\">{\"@context\":\"https:\\\/\\\/schema.org\",\"@graph\":[{\"@type\":\"WebPage\",\"@id\":\"https:\\\/\\\/pcg.io\\\/de\\\/about-us\\\/partner-aws\\\/\",\"url\":\"https:\\\/\\\/pcg.io\\\/de\\\/about-us\\\/partner-aws\\\/\",\"name\":\"Partner AWS - PCG\",\"isPartOf\":{\"@id\":\"https:\\\/\\\/pcg.io\\\/de\\\/#website\"},\"datePublished\":\"2025-10-22T16:50:19+00:00\",\"dateModified\":\"2026-01-21T11:55:45+00:00\",\"description\":\"AWS Premier Partner: Die PCG garantiert als AWS Premier Partner h\u00f6chste Qualit\u00e4t bei Migration, Entwicklung und Betrieb Ihrer Cloud-L\u00f6sungen.\",\"breadcrumb\":{\"@id\":\"https:\\\/\\\/pcg.io\\\/de\\\/about-us\\\/partner-aws\\\/#breadcrumb\"},\"inLanguage\":\"de\",\"potentialAction\":[{\"@type\":\"ReadAction\",\"target\":[\"https:\\\/\\\/pcg.io\\\/de\\\/about-us\\\/partner-aws\\\/\"]}]},{\"@type\":\"BreadcrumbList\",\"@id\":\"https:\\\/\\\/pcg.io\\\/de\\\/about-us\\\/partner-aws\\\/#breadcrumb\",\"itemListElement\":[{\"@type\":\"ListItem\",\"position\":1,\"name\":\"Home\",\"item\":\"https:\\\/\\\/pcg.io\\\/de\\\/\"},{\"@type\":\"ListItem\",\"position\":2,\"name\":\"\u00dcber uns\",\"item\":\"https:\\\/\\\/pcg.io\\\/de\\\/about-us\\\/\"},{\"@type\":\"ListItem\",\"position\":3,\"name\":\"Partner AWS\"}]},{\"@type\":\"WebSite\",\"@id\":\"https:\\\/\\\/pcg.io\\\/de\\\/#website\",\"url\":\"https:\\\/\\\/pcg.io\\\/de\\\/\",\"name\":\"PCG\",\"description\":\"Your Cloud Journey, Simplified.\",\"potentialAction\":[{\"@type\":\"SearchAction\",\"target\":{\"@type\":\"EntryPoint\",\"urlTemplate\":\"https:\\\/\\\/pcg.io\\\/de\\\/?s={search_term_string}\"},\"query-input\":{\"@type\":\"PropertyValueSpecification\",\"valueRequired\":true,\"valueName\":\"search_term_string\"}}],\"inLanguage\":\"de\"}]}<\/script>\n<!-- \/ Yoast SEO plugin. -->","yoast_head_json":{"title":"Partner AWS - PCG","description":"AWS Premier Partner: Die PCG garantiert als AWS Premier Partner h\u00f6chste Qualit\u00e4t bei Migration, Entwicklung und Betrieb Ihrer Cloud-L\u00f6sungen.","robots":{"index":"index","follow":"follow","max-snippet":"max-snippet:-1","max-image-preview":"max-image-preview:large","max-video-preview":"max-video-preview:-1"},"canonical":"https:\/\/pcg.io\/de\/about-us\/partner-aws\/","og_locale":"de_DE","og_type":"article","og_title":"Partner AWS - PCG","og_description":"AWS Premier Partner: Die PCG garantiert als AWS Premier Partner h\u00f6chste Qualit\u00e4t bei Migration, Entwicklung und Betrieb Ihrer Cloud-L\u00f6sungen.","og_url":"https:\/\/pcg.io\/de\/about-us\/partner-aws\/","og_site_name":"PCG","article_modified_time":"2026-01-21T11:55:45+00:00","twitter_card":"summary_large_image","twitter_misc":{"Gesch\u00e4tzte Lesezeit":"51\u00a0Minuten"},"schema":{"@context":"https:\/\/schema.org","@graph":[{"@type":"WebPage","@id":"https:\/\/pcg.io\/de\/about-us\/partner-aws\/","url":"https:\/\/pcg.io\/de\/about-us\/partner-aws\/","name":"Partner AWS - PCG","isPartOf":{"@id":"https:\/\/pcg.io\/de\/#website"},"datePublished":"2025-10-22T16:50:19+00:00","dateModified":"2026-01-21T11:55:45+00:00","description":"AWS Premier Partner: Die PCG garantiert als AWS Premier Partner h\u00f6chste Qualit\u00e4t bei Migration, Entwicklung und Betrieb Ihrer Cloud-L\u00f6sungen.","breadcrumb":{"@id":"https:\/\/pcg.io\/de\/about-us\/partner-aws\/#breadcrumb"},"inLanguage":"de","potentialAction":[{"@type":"ReadAction","target":["https:\/\/pcg.io\/de\/about-us\/partner-aws\/"]}]},{"@type":"BreadcrumbList","@id":"https:\/\/pcg.io\/de\/about-us\/partner-aws\/#breadcrumb","itemListElement":[{"@type":"ListItem","position":1,"name":"Home","item":"https:\/\/pcg.io\/de\/"},{"@type":"ListItem","position":2,"name":"\u00dcber uns","item":"https:\/\/pcg.io\/de\/about-us\/"},{"@type":"ListItem","position":3,"name":"Partner AWS"}]},{"@type":"WebSite","@id":"https:\/\/pcg.io\/de\/#website","url":"https:\/\/pcg.io\/de\/","name":"PCG","description":"Your Cloud Journey, Simplified.","potentialAction":[{"@type":"SearchAction","target":{"@type":"EntryPoint","urlTemplate":"https:\/\/pcg.io\/de\/?s={search_term_string}"},"query-input":{"@type":"PropertyValueSpecification","valueRequired":true,"valueName":"search_term_string"}}],"inLanguage":"de"}]}},"_links":{"self":[{"href":"https:\/\/pcg.io\/de\/wp-json\/wp\/v2\/pages\/16140","targetHints":{"allow":["GET"]}}],"collection":[{"href":"https:\/\/pcg.io\/de\/wp-json\/wp\/v2\/pages"}],"about":[{"href":"https:\/\/pcg.io\/de\/wp-json\/wp\/v2\/types\/page"}],"author":[{"embeddable":true,"href":"https:\/\/pcg.io\/de\/wp-json\/wp\/v2\/users\/9"}],"replies":[{"embeddable":true,"href":"https:\/\/pcg.io\/de\/wp-json\/wp\/v2\/comments?post=16140"}],"version-history":[{"count":10,"href":"https:\/\/pcg.io\/de\/wp-json\/wp\/v2\/pages\/16140\/revisions"}],"predecessor-version":[{"id":18815,"href":"https:\/\/pcg.io\/de\/wp-json\/wp\/v2\/pages\/16140\/revisions\/18815"}],"up":[{"embeddable":true,"href":"https:\/\/pcg.io\/de\/wp-json\/wp\/v2\/pages\/11668"}],"wp:attachment":[{"href":"https:\/\/pcg.io\/de\/wp-json\/wp\/v2\/media?parent=16140"}],"curies":[{"name":"wp","href":"https:\/\/api.w.org\/{rel}","templated":true}]}}