{"id":16755,"date":"2025-10-21T12:00:41","date_gmt":"2025-10-21T11:00:41","guid":{"rendered":"https:\/\/pcg.io\/?page_id=16755"},"modified":"2026-02-02T16:46:39","modified_gmt":"2026-02-02T15:46:39","slug":"datenschutz","status":"publish","type":"page","link":"https:\/\/pcg.io\/de\/datenschutz\/","title":{"rendered":"Datenschutz"},"content":{"rendered":"","protected":false},"excerpt":{"rendered":"","protected":false},"author":9,"featured_media":0,"parent":0,"menu_order":13,"comment_status":"closed","ping_status":"closed","template":"","meta":{"_acf_changed":false},"class_list":["post-16755","page","type-page","status-publish","hentry"],"acf":[],"yoast_head":"<!-- This site is optimized with the Yoast SEO plugin v27.3 - https:\/\/yoast.com\/product\/yoast-seo-wordpress\/ -->\n<title>Datenschutz - PCG<\/title>\n<meta name=\"description\" content=\"Unsere Datenschutzerkl\u00e4rung erl\u00e4utert alles \u00fcber den Umgang mit Ihren personenbezogenen Daten und Ihre Rechte bei Public Cloud Group.\" \/>\n<meta name=\"robots\" content=\"index, follow, max-snippet:-1, max-image-preview:large, max-video-preview:-1\" \/>\n<link rel=\"canonical\" href=\"https:\/\/pcg.io\/de\/datenschutz\/\" \/>\n<meta property=\"og:locale\" content=\"de_DE\" \/>\n<meta property=\"og:type\" content=\"article\" \/>\n<meta property=\"og:title\" content=\"Datenschutz - PCG\" \/>\n<meta property=\"og:description\" content=\"Unsere Datenschutzerkl\u00e4rung erl\u00e4utert alles \u00fcber den Umgang mit Ihren personenbezogenen Daten und Ihre Rechte bei Public Cloud Group.\" \/>\n<meta property=\"og:url\" content=\"https:\/\/pcg.io\/de\/datenschutz\/\" \/>\n<meta property=\"og:site_name\" content=\"PCG\" \/>\n<meta property=\"article:modified_time\" content=\"2026-02-02T15:46:39+00:00\" \/>\n<meta name=\"twitter:card\" content=\"summary_large_image\" \/>\n<meta name=\"twitter:label1\" content=\"Gesch\u00e4tzte Lesezeit\" \/>\n\t<meta name=\"twitter:data1\" content=\"85\u00a0Minuten\" \/>\n<script type=\"application\/ld+json\" class=\"yoast-schema-graph\">{\"@context\":\"https:\\\/\\\/schema.org\",\"@graph\":[{\"@type\":\"WebPage\",\"@id\":\"https:\\\/\\\/pcg.io\\\/de\\\/datenschutz\\\/\",\"url\":\"https:\\\/\\\/pcg.io\\\/de\\\/datenschutz\\\/\",\"name\":\"Datenschutz - PCG\",\"isPartOf\":{\"@id\":\"https:\\\/\\\/pcg.io\\\/de\\\/#website\"},\"datePublished\":\"2025-10-21T11:00:41+00:00\",\"dateModified\":\"2026-02-02T15:46:39+00:00\",\"description\":\"Unsere Datenschutzerkl\u00e4rung erl\u00e4utert alles \u00fcber den Umgang mit Ihren personenbezogenen Daten und Ihre Rechte bei Public Cloud Group.\",\"breadcrumb\":{\"@id\":\"https:\\\/\\\/pcg.io\\\/de\\\/datenschutz\\\/#breadcrumb\"},\"inLanguage\":\"de\",\"potentialAction\":[{\"@type\":\"ReadAction\",\"target\":[\"https:\\\/\\\/pcg.io\\\/de\\\/datenschutz\\\/\"]}]},{\"@type\":\"BreadcrumbList\",\"@id\":\"https:\\\/\\\/pcg.io\\\/de\\\/datenschutz\\\/#breadcrumb\",\"itemListElement\":[{\"@type\":\"ListItem\",\"position\":1,\"name\":\"Home\",\"item\":\"https:\\\/\\\/pcg.io\\\/de\\\/\"},{\"@type\":\"ListItem\",\"position\":2,\"name\":\"Datenschutz\"}]},{\"@type\":\"WebSite\",\"@id\":\"https:\\\/\\\/pcg.io\\\/de\\\/#website\",\"url\":\"https:\\\/\\\/pcg.io\\\/de\\\/\",\"name\":\"PCG\",\"description\":\"Your Cloud Journey, Simplified.\",\"potentialAction\":[{\"@type\":\"SearchAction\",\"target\":{\"@type\":\"EntryPoint\",\"urlTemplate\":\"https:\\\/\\\/pcg.io\\\/de\\\/?s={search_term_string}\"},\"query-input\":{\"@type\":\"PropertyValueSpecification\",\"valueRequired\":true,\"valueName\":\"search_term_string\"}}],\"inLanguage\":\"de\"}]}<\/script>\n<!-- \/ Yoast SEO plugin. -->","yoast_head_json":{"title":"Datenschutz - PCG","description":"Unsere Datenschutzerkl\u00e4rung erl\u00e4utert alles \u00fcber den Umgang mit Ihren personenbezogenen Daten und Ihre Rechte bei Public Cloud Group.","robots":{"index":"index","follow":"follow","max-snippet":"max-snippet:-1","max-image-preview":"max-image-preview:large","max-video-preview":"max-video-preview:-1"},"canonical":"https:\/\/pcg.io\/de\/datenschutz\/","og_locale":"de_DE","og_type":"article","og_title":"Datenschutz - PCG","og_description":"Unsere Datenschutzerkl\u00e4rung erl\u00e4utert alles \u00fcber den Umgang mit Ihren personenbezogenen Daten und Ihre Rechte bei Public Cloud Group.","og_url":"https:\/\/pcg.io\/de\/datenschutz\/","og_site_name":"PCG","article_modified_time":"2026-02-02T15:46:39+00:00","twitter_card":"summary_large_image","twitter_misc":{"Gesch\u00e4tzte Lesezeit":"85\u00a0Minuten"},"schema":{"@context":"https:\/\/schema.org","@graph":[{"@type":"WebPage","@id":"https:\/\/pcg.io\/de\/datenschutz\/","url":"https:\/\/pcg.io\/de\/datenschutz\/","name":"Datenschutz - PCG","isPartOf":{"@id":"https:\/\/pcg.io\/de\/#website"},"datePublished":"2025-10-21T11:00:41+00:00","dateModified":"2026-02-02T15:46:39+00:00","description":"Unsere Datenschutzerkl\u00e4rung erl\u00e4utert alles \u00fcber den Umgang mit Ihren personenbezogenen Daten und Ihre Rechte bei Public Cloud Group.","breadcrumb":{"@id":"https:\/\/pcg.io\/de\/datenschutz\/#breadcrumb"},"inLanguage":"de","potentialAction":[{"@type":"ReadAction","target":["https:\/\/pcg.io\/de\/datenschutz\/"]}]},{"@type":"BreadcrumbList","@id":"https:\/\/pcg.io\/de\/datenschutz\/#breadcrumb","itemListElement":[{"@type":"ListItem","position":1,"name":"Home","item":"https:\/\/pcg.io\/de\/"},{"@type":"ListItem","position":2,"name":"Datenschutz"}]},{"@type":"WebSite","@id":"https:\/\/pcg.io\/de\/#website","url":"https:\/\/pcg.io\/de\/","name":"PCG","description":"Your Cloud Journey, Simplified.","potentialAction":[{"@type":"SearchAction","target":{"@type":"EntryPoint","urlTemplate":"https:\/\/pcg.io\/de\/?s={search_term_string}"},"query-input":{"@type":"PropertyValueSpecification","valueRequired":true,"valueName":"search_term_string"}}],"inLanguage":"de"}]}},"_links":{"self":[{"href":"https:\/\/pcg.io\/de\/wp-json\/wp\/v2\/pages\/16755","targetHints":{"allow":["GET"]}}],"collection":[{"href":"https:\/\/pcg.io\/de\/wp-json\/wp\/v2\/pages"}],"about":[{"href":"https:\/\/pcg.io\/de\/wp-json\/wp\/v2\/types\/page"}],"author":[{"embeddable":true,"href":"https:\/\/pcg.io\/de\/wp-json\/wp\/v2\/users\/9"}],"replies":[{"embeddable":true,"href":"https:\/\/pcg.io\/de\/wp-json\/wp\/v2\/comments?post=16755"}],"version-history":[{"count":8,"href":"https:\/\/pcg.io\/de\/wp-json\/wp\/v2\/pages\/16755\/revisions"}],"predecessor-version":[{"id":18941,"href":"https:\/\/pcg.io\/de\/wp-json\/wp\/v2\/pages\/16755\/revisions\/18941"}],"wp:attachment":[{"href":"https:\/\/pcg.io\/de\/wp-json\/wp\/v2\/media?parent=16755"}],"curies":[{"name":"wp","href":"https:\/\/api.w.org\/{rel}","templated":true}]}}